{"id":16172,"date":"2019-08-14T17:48:21","date_gmt":"2019-08-14T15:48:21","guid":{"rendered":"https:\/\/www.webstore.al\/kond\/product\/bidon-polikarbonat-20-l\/"},"modified":"2026-01-14T21:17:22","modified_gmt":"2026-01-14T20:17:22","slug":"bidon-polikarbonat-20-l","status":"publish","type":"product","link":"https:\/\/www.kond.al\/en\/product\/bidon-polikarbonat-20-l\/","title":{"rendered":"Bidon Polikarbonat 20 L"},"content":{"rendered":"","protected":false},"excerpt":{"rendered":"<p>P\u00ebr t\u00eb siguruar maksimumin e cil\u00ebsis\u00eb dhe past\u00ebrtis\u00eb, Kond \u00ebsht\u00eb e vetmja fabrik\u00eb n\u00eb Ballkan q\u00eb i prodhon vet\u00eb bidonat e saj 20 litra me l\u00ebnd\u00ebn e par\u00eb polikarbonat i importuar nga kompania gjermane Bayer. Bidoni \u00ebsht\u00eb i pathyesh\u00ebm dhe i past\u00ebr si qelq. Materiali polikarbonat \u00ebsht\u00eb i certifikuar nga BE.<\/p>\n<p>-20 Litra<br \/>\n-100% Polikarbonat<br \/>\n-Vul\u00eb Sigurie<\/p>\n","protected":false},"featured_media":16780,"template":"","meta":{"rs_blank_template":"","rs_page_bg_color":"","slide_template_v7":""},"product_brand":[],"product_cat":[70],"product_tag":[],"class_list":{"0":"post-16172","1":"product","2":"type-product","3":"status-publish","4":"has-post-thumbnail","6":"product_cat-water-products","8":"first","9":"instock","10":"shipping-taxable","11":"product-type-simple"},"_links":{"self":[{"href":"https:\/\/www.kond.al\/en\/wp-json\/wp\/v2\/product\/16172","targetHints":{"allow":["GET"]}}],"collection":[{"href":"https:\/\/www.kond.al\/en\/wp-json\/wp\/v2\/product"}],"about":[{"href":"https:\/\/www.kond.al\/en\/wp-json\/wp\/v2\/types\/product"}],"wp:featuredmedia":[{"embeddable":true,"href":"https:\/\/www.kond.al\/en\/wp-json\/wp\/v2\/media\/16780"}],"wp:attachment":[{"href":"https:\/\/www.kond.al\/en\/wp-json\/wp\/v2\/media?parent=16172"}],"wp:term":[{"taxonomy":"product_brand","embeddable":true,"href":"https:\/\/www.kond.al\/en\/wp-json\/wp\/v2\/product_brand?post=16172"},{"taxonomy":"product_cat","embeddable":true,"href":"https:\/\/www.kond.al\/en\/wp-json\/wp\/v2\/product_cat?post=16172"},{"taxonomy":"product_tag","embeddable":true,"href":"https:\/\/www.kond.al\/en\/wp-json\/wp\/v2\/product_tag?post=16172"}],"curies":[{"name":"wp","href":"https:\/\/api.w.org\/{rel}","templated":true}]}}