{"id":16175,"date":"2019-07-09T04:25:14","date_gmt":"2019-07-09T02:25:14","guid":{"rendered":"https:\/\/www.webstore.al\/kond\/product\/filter-ro-system-k45\/"},"modified":"2026-01-20T12:42:29","modified_gmt":"2026-01-20T11:42:29","slug":"filter-ro-system-k45","status":"publish","type":"product","link":"https:\/\/www.kond.al\/en\/product\/filter-ro-system-k45\/","title":{"rendered":"Filter RO SYSTEM K45"},"content":{"rendered":"","protected":false},"excerpt":{"rendered":"<p><strong>Ro Membran\u00eb me 5 Stade Filtrimi<\/strong><\/p>\n<ul>\n<li><strong>Uj\u00eb i pijsh\u00ebm 100% i filtruar n\u00eb 5 Stade<\/strong><\/li>\n<li><strong>Kapaciteti i filtrimit 540 Lit\u00ebr n\u00eb dit\u00eb<\/strong><\/li>\n<li><strong>Depozit\u00eb uji<\/strong><\/li>\n<li><strong>2 Rubineta ( uj\u00eb i ngroht\u00eb dhe i ftoht\u00eb )<\/strong><\/li>\n<li><strong>Mineralizim i ujit<\/strong><\/li>\n<li><strong>Sistem Automatik vet\u00ebpastrimi<\/strong><\/li>\n<li><strong>Instalim Falas<\/strong><\/li>\n<li><strong>Garanci e Siguri<\/strong><\/li>\n<\/ul>\n<p>&nbsp;<\/p>\n","protected":false},"featured_media":16757,"template":"","meta":{"rs_blank_template":"","rs_page_bg_color":"","slide_template_v7":""},"product_brand":[],"product_cat":[69,73],"product_tag":[],"class_list":{"0":"post-16175","1":"product","2":"type-product","3":"status-publish","4":"has-post-thumbnail","6":"product_cat-filter-system","7":"product_cat-ideal-per-familje","9":"first","10":"instock","11":"shipping-taxable","12":"product-type-simple"},"_links":{"self":[{"href":"https:\/\/www.kond.al\/en\/wp-json\/wp\/v2\/product\/16175","targetHints":{"allow":["GET"]}}],"collection":[{"href":"https:\/\/www.kond.al\/en\/wp-json\/wp\/v2\/product"}],"about":[{"href":"https:\/\/www.kond.al\/en\/wp-json\/wp\/v2\/types\/product"}],"wp:featuredmedia":[{"embeddable":true,"href":"https:\/\/www.kond.al\/en\/wp-json\/wp\/v2\/media\/16757"}],"wp:attachment":[{"href":"https:\/\/www.kond.al\/en\/wp-json\/wp\/v2\/media?parent=16175"}],"wp:term":[{"taxonomy":"product_brand","embeddable":true,"href":"https:\/\/www.kond.al\/en\/wp-json\/wp\/v2\/product_brand?post=16175"},{"taxonomy":"product_cat","embeddable":true,"href":"https:\/\/www.kond.al\/en\/wp-json\/wp\/v2\/product_cat?post=16175"},{"taxonomy":"product_tag","embeddable":true,"href":"https:\/\/www.kond.al\/en\/wp-json\/wp\/v2\/product_tag?post=16175"}],"curies":[{"name":"wp","href":"https:\/\/api.w.org\/{rel}","templated":true}]}}